{"id":3016,"date":"2023-12-19T15:15:11","date_gmt":"2023-12-19T14:15:11","guid":{"rendered":"https:\/\/costruirespa.it\/the-company\/privacy-policy\/"},"modified":"2024-09-09T14:33:26","modified_gmt":"2024-09-09T12:33:26","slug":"privacy-policy","status":"publish","type":"page","link":"https:\/\/costruirespa.it\/en\/the-company\/privacy-policy\/","title":{"rendered":"Privacy Policy"},"content":{"rendered":"<div class=\"wpb-content-wrapper\"><p>[vc_row][vc_column]<div id=\"ultimate-heading-609769eb7ed3ed685\" class=\"uvc-heading ult-adjust-bottom-margin ultimate-heading-609769eb7ed3ed685 uvc-2732  uvc-heading-default-font-sizes\" data-hspacer=\"no_spacer\"  data-halign=\"center\" style=\"text-align:center\"><div class=\"uvc-heading-spacer no_spacer\" style=\"top\"><\/div><div class=\"uvc-main-heading ult-responsive\"  data-ultimate-target='.uvc-heading.ultimate-heading-609769eb7ed3ed685 h2'  data-responsive-json-new='{\"font-size\":\"\",\"line-height\":\"\"}' ><h2 style=\"--font-weight:theme;\">Privacy Policy<\/h2><\/div><\/div>[vc_column_text css=&#8221;&#8221;]<\/p>\n<h2><strong>Introduction<\/strong><\/h2>\n<p> La presente Policy ha lo scopo di descrivere le modalit\u00e0 di gestione in riferimento al trattamento dei dati personali degli utenti\/visitatori di questo sito web, raggiungibile all\u2019indirizzo costruirespa.it Raccomandiamo di leggere attentamente questa privacy policy prima della fornitura dei dati stessi. Questa comunicazione \u00e8 fornita in conformit\u00e0 all\u2019art. 13 ai sensi del Regolamento UE n 2016\/679 (GDPR).   <\/p>\n<h2><strong>Ownership<\/strong><\/h2>\n<p> Titolare del trattamento \u00e8 la Costruire Spa, con sede in Vico II\u00b0San Nicola alla Dogana n\u00b09, 80133 Napoli (di seguito indicata semplicemente come \u201cTitolare\u201d). La lista aggiornata dei responsabili del trattamento e delle consociate del gruppo \u00e8 disponibile inoltrando richiesta a privacy@costruirespa.it  <\/p>\n<h2><strong>Scope of this Policy<\/strong><\/h2>\n<p> Questa Privacy Policy riguarda il presente sito web e non anche ulteriori siti web che non siano di pertinenza di Costruire Spa eventualmente consultati dall\u2019utente tramite navigazione dei link. <\/p>\n<h2><strong>Policy and informations<\/strong><\/h2>\n<p> Il sito web svolge una funzione prevalentemente informativa delle attivit\u00e0 svolte da Costruire Spa. Pertanto, nella maggior parte dei casi, non \u00e8 prevista raccolta di dati personali dal navigatore. In taluni casi, come per la sezione \u201ccontatti\u201d, al fine di consentire l\u2019evasione di eventuali richieste da rivolgere alla Societ\u00e0, si richiede all\u2019utente di compilare un modulo di raccolta dati. In questi casi, viene fornita informativa privacy di sintesi che precisa l\u2019uso dei dati e le altre indicazioni richieste dalla legge. Raccomandiamo di leggere queste informative prima di fornire i dati. In aggiunta, in limitati casi in cui si rendesse necessario raccogliere informazioni personali per altri fini, questo verr\u00e0 chiaramente evidenziato nelle informative di legge, al fine di consentire trasparenza e consapevolezza all\u2019utente. Tali informative sono dirette a definire limiti e modalit\u00e0 del trattamento dei dati di ciascun servizio, in base alle quali il visitatore potr\u00e0 esprimere liberamente il proprio consenso (se necessario) ed autorizzare eventualmente la raccolta dei dati ed il loro successivo utilizzo.       <\/p>\n<h2><strong>Navigation Data<\/strong><\/h2>\n<p> I sistemi informatici e le procedure software preposte al funzionamento di questo sito web acquisiscono, nel corso del loro normale esercizio, alcuni dati personali la cui trasmissione \u00e8 implicita nell\u2019uso dei protocolli di comunicazione di Internet. In questa categoria di dati rientrano: gli indirizzi IP, il tipo di browser utilizzato, il sistema operativo, il nome di dominio e gli indirizzi di siti web dai quali \u00e8 stato effettuato l\u2019accesso o l\u2019uscita, le informazioni sulle pagine visitate dagli utenti all\u2019interno del sito, l\u2019orario d\u2019accesso, la permanenza sulla singola pagina, l\u2019analisi di percorso interno ed altri parametri relativi al sistema operativo e all\u2019ambiente informatico dell\u2019utente. Tali dati di carattere tecnico\/informatico sono raccolti ed utilizzati esclusivamente in maniera aggregata e non immediatamente identificativa; essi potrebbero essere utilizzati per l\u2019accertamento di responsabilit\u00e0 in caso di ipotetici reati informatici ai danni del sito o su richiesta della pubblica autorit\u00e0.   <\/p>\n<h2><strong>Cookies (referral)<\/strong><\/h2>\n<p> In merito all\u2019installazione di cookie da parte di questo sito web si rinvia alla <a href=\"https:\/\/costruirespa.it\/en\/the-company\/cookie-policy\/\">Cookie policy<\/a> . <\/p>\n<h2><strong>Redirect to external sites<\/strong><\/h2>\n<p> Da questo sito web \u00e8 possibile collegarsi mediante appositi link verso altri siti web sia di societ\u00e0 appartenenti al medesimo gruppo di Costruire Spa sia di terzi. La Costruire Spa declina qualsiasi responsabilit\u00e0 in merito all\u2019eventuale gestione di dati personali da parte di siti terzi e in ordine alla gestione delle credenziali di autenticazione fornite da soggetti terzi.  <\/p>\n<h2><strong>Methods of data processing and retention<\/strong><\/h2>\n<p> Il trattamento dei dati personali viene effettuato prevalentemente utilizzando procedure e supporti elettronici per il tempo strettamente necessario a conseguire gli scopi per i quali i dati sono stati raccolti. L\u2019utente, comunque, ha diritto di ottenere la cancellazione dei propri dati in presenza di motivi legittimi. <strong>Facoltativit\u00e0 del conferimento dati<\/strong> La fornitura dei dati personali richiesti all\u2019interessato \u2013 se non specificato diversamente \u2013 \u00e8 facoltativa, tuttavia il loro mancato conferimento pu\u00f2 comportare l\u2019impossibilit\u00e0 di ottenere quanto richiesto ovvero di eseguire l\u2019attivit\u00e0 indicata.   <\/p>\n<h2><strong>Data processing location<\/strong><\/h2>\n<p> I trattamenti connessi ai servizi web di questo sito hanno luogo presso la Costruire Spa, che provvede alla gestione del relativo server. I dati personali sono curati solo da personale tecnico di tale azienda, appositamente incaricato del trattamento, oppure da eventuali incaricati di occasionali operazioni di manutenzione.  <\/p>\n<h2><strong>Scope of data circulation and dissemination<\/strong><\/h2>\n<p> Ai dati personali acquisiti tramite questo sito web vi accedono unicamente soggetti che agiscono per conto del Titolare, appositamente designati come data manager, coordinatori o incaricati e preposti alla gestione del servizio richiesto; i medesimi dati non sono diffusi. Informazioni pi\u00f9 dettagliate sui nominativi dei ruoli privacy potranno essere richieste scrivendo a privacy@costruire.it  <\/p>\n<h2><strong>Foreign data flows<\/strong><\/h2>\n<p> Data la natura internazionale delle attivit\u00e0 della Costruire Spa, i dati possono essere inviati all\u2019estero ed elaborati, ancora ai soli fini di cui sopra, da societ\u00e0 del Gruppo situate nel territorio dell\u2019Unione europea e nei paesi terzi. In questi casi, la trasmissione di dati all\u2019estero \u00e8 soggetta a specifiche garanzie per la protezione dei dati personali attraverso l\u2019adozione di clausole contrattuali tipo sulla protezione dei dati, approvate dalla Commissione Europea, o di analoghe garanzie.  <\/p>\n<h2><strong>Data protection rights<\/strong><\/h2>\n<p> I soggetti cui si riferiscono i dati personali hanno il diritto in qualunque momento di ottenere la conferma dell\u2019esistenza o meno dei medesimi dati e di conoscerne il contenuto e l\u2019origine, verificarne l\u2019esattezza o chiederne l\u2019integrazione o l\u2019aggiornamento, oppure la rettificazione. Inoltre, si ha il diritto di chiedere la cancellazione, la trasformazione in forma anonima o il blocco dei dati trattati in violazione di legge, nonch\u00e9 di opporsi in ogni caso, per motivi legittimi, al loro trattamento. Le richieste vanno rivolte a privacy@costruirespa.it   <\/p>\n<h2><strong>Policy Changes<\/strong><\/h2>\n<p> L\u2019eventuale entrata in vigore di nuove normative di settore, come anche il costante esame ed aggiornamento dei servizi all\u2019utente, potrebbe comportare la necessit\u00e0 di variare le modalit\u00e0 di trattamento dei dati personali. \u00c8\u2019 pertanto possibile che la nostra policy subisca modifiche nel tempo ed invitiamo, pertanto, il visitatore a consultare periodicamente questa pagina. A questo scopo il documento di policy evidenzia la data di aggiornamento. Data di Redazione: 01-01-2018 Ultimo Aggiornamento: 01-05-2019   [\/vc_column_text][\/vc_column][\/vc_row]<\/p>\n<\/div>","protected":false},"excerpt":{"rendered":"<p>[vc_row][vc_column][vc_column_text css=&#8221;&#8221;] Introduction La presente Policy ha lo scopo di descrivere le modalit\u00e0 di gestione in riferimento al trattamento dei dati personali degli utenti\/visitatori di questo sito web, raggiungibile all\u2019indirizzo costruirespa.it Raccomandiamo di leggere attentamente questa privacy policy prima della fornitura dei dati stessi. Questa comunicazione \u00e8 fornita in conformit\u00e0 all\u2019art. 13 ai sensi del&hellip;<\/p>\n","protected":false},"author":1,"featured_media":0,"parent":2874,"menu_order":60,"comment_status":"closed","ping_status":"closed","template":"","meta":{"footnotes":""},"class_list":["post-3016","page","type-page","status-publish","hentry","description-off"],"_links":{"self":[{"href":"https:\/\/costruirespa.it\/en\/wp-json\/wp\/v2\/pages\/3016","targetHints":{"allow":["GET"]}}],"collection":[{"href":"https:\/\/costruirespa.it\/en\/wp-json\/wp\/v2\/pages"}],"about":[{"href":"https:\/\/costruirespa.it\/en\/wp-json\/wp\/v2\/types\/page"}],"author":[{"embeddable":true,"href":"https:\/\/costruirespa.it\/en\/wp-json\/wp\/v2\/users\/1"}],"replies":[{"embeddable":true,"href":"https:\/\/costruirespa.it\/en\/wp-json\/wp\/v2\/comments?post=3016"}],"version-history":[{"count":0,"href":"https:\/\/costruirespa.it\/en\/wp-json\/wp\/v2\/pages\/3016\/revisions"}],"up":[{"embeddable":true,"href":"https:\/\/costruirespa.it\/en\/wp-json\/wp\/v2\/pages\/2874"}],"wp:attachment":[{"href":"https:\/\/costruirespa.it\/en\/wp-json\/wp\/v2\/media?parent=3016"}],"curies":[{"name":"wp","href":"https:\/\/api.w.org\/{rel}","templated":true}]}}